{"id":71,"date":"2022-01-12T17:53:59","date_gmt":"2022-01-12T16:53:59","guid":{"rendered":"http:\/\/berengb.cluster031.hosting.ovh.net\/?page_id=71"},"modified":"2025-11-15T19:10:10","modified_gmt":"2025-11-15T18:10:10","slug":"contact","status":"publish","type":"page","link":"https:\/\/berengere-mariette.com\/index.php\/contact\/","title":{"rendered":"\u00c9changeons"},"content":{"rendered":"\n<p>Pour plus d\u2019infos, n\u2019h\u00e9sitez pas \u00e0 m\u2019envoyer un message.<br><strong>bmariette@hotmail.fr<\/strong><\/p>\n\n\n\n<p>A bient\u00f4t !<br>B\u00e9reng\u00e8re Mariette<\/p>\n\n\n\n<div class=\"wp-block-image\"><figure class=\"aligncenter size-large is-resized\"><img loading=\"lazy\" src=\"http:\/\/berengb.cluster031.hosting.ovh.net\/wp-content\/uploads\/2022\/01\/BMARIETTE_LOGO_Plan-de-travail-1-copie-4.png\" alt=\"\" class=\"wp-image-9\" width=\"194\" height=\"199\" srcset=\"https:\/\/berengere-mariette.com\/wp-content\/uploads\/2022\/01\/BMARIETTE_LOGO_Plan-de-travail-1-copie-4.png 271w, https:\/\/berengere-mariette.com\/wp-content\/uploads\/2022\/01\/BMARIETTE_LOGO_Plan-de-travail-1-copie-4-58x60.png 58w\" sizes=\"(max-width: 194px) 100vw, 194px\" \/><\/figure><\/div>\n","protected":false},"excerpt":{"rendered":"<p>Pour plus d\u2019infos, n\u2019h\u00e9sitez pas \u00e0 m\u2019envoyer un message.bmariette@hotmail.fr A bient\u00f4t !B\u00e9reng\u00e8re Mariette<\/p>\n","protected":false},"author":1,"featured_media":0,"parent":0,"menu_order":0,"comment_status":"closed","ping_status":"closed","template":"","meta":[],"_links":{"self":[{"href":"https:\/\/berengere-mariette.com\/index.php\/wp-json\/wp\/v2\/pages\/71"}],"collection":[{"href":"https:\/\/berengere-mariette.com\/index.php\/wp-json\/wp\/v2\/pages"}],"about":[{"href":"https:\/\/berengere-mariette.com\/index.php\/wp-json\/wp\/v2\/types\/page"}],"author":[{"embeddable":true,"href":"https:\/\/berengere-mariette.com\/index.php\/wp-json\/wp\/v2\/users\/1"}],"replies":[{"embeddable":true,"href":"https:\/\/berengere-mariette.com\/index.php\/wp-json\/wp\/v2\/comments?post=71"}],"version-history":[{"count":11,"href":"https:\/\/berengere-mariette.com\/index.php\/wp-json\/wp\/v2\/pages\/71\/revisions"}],"predecessor-version":[{"id":597,"href":"https:\/\/berengere-mariette.com\/index.php\/wp-json\/wp\/v2\/pages\/71\/revisions\/597"}],"wp:attachment":[{"href":"https:\/\/berengere-mariette.com\/index.php\/wp-json\/wp\/v2\/media?parent=71"}],"curies":[{"name":"wp","href":"https:\/\/api.w.org\/{rel}","templated":true}]}}