{"id":55,"date":"2022-01-12T17:27:36","date_gmt":"2022-01-12T16:27:36","guid":{"rendered":"http:\/\/berengb.cluster031.hosting.ovh.net\/?page_id=55"},"modified":"2025-11-15T19:15:20","modified_gmt":"2025-11-15T18:15:20","slug":"expertises","status":"publish","type":"page","link":"https:\/\/berengere-mariette.com\/index.php\/expertises\/","title":{"rendered":"Expertises"},"content":{"rendered":"\n<p><br><\/p>\n\n\n\n<div class=\"wp-block-media-text alignwide is-stacked-on-mobile\" style=\"grid-template-columns:15% auto\"><figure class=\"wp-block-media-text__media\"><img loading=\"lazy\" width=\"271\" height=\"278\" src=\"http:\/\/berengb.cluster031.hosting.ovh.net\/wp-content\/uploads\/2022\/01\/BMARIETTE_LOGO_Plan-de-travail-1-copie-4.png\" alt=\"\" class=\"wp-image-9\" srcset=\"https:\/\/berengere-mariette.com\/wp-content\/uploads\/2022\/01\/BMARIETTE_LOGO_Plan-de-travail-1-copie-4.png 271w, https:\/\/berengere-mariette.com\/wp-content\/uploads\/2022\/01\/BMARIETTE_LOGO_Plan-de-travail-1-copie-4-58x60.png 58w\" sizes=\"(max-width: 271px) 100vw, 271px\" \/><\/figure><div class=\"wp-block-media-text__content\">\n<p class=\"has-large-font-size\">Directrice artistique dipl\u00f4m\u00e9e en design graphique, je cr\u00e9e des&nbsp;<strong>identit\u00e9s visuelles<\/strong>,&nbsp;<strong>images illustr\u00e9es<\/strong>&nbsp;et <strong>concepts cr\u00e9atifs<\/strong>&nbsp;depuis 20 ans.<\/p>\n<\/div><\/div>\n\n\n\n<h2><strong><span style=\"color:#d4a103\" class=\"has-inline-color\">Conception &amp; strat\u00e9gie cr\u00e9ative <\/span><\/strong><\/h2>\n\n\n\n<p><strong>Une attention aux enjeux et un regard ouvert<\/strong> pour un accompagnement efficace des projets de communication. <br><br><strong>Une vision strat\u00e9gique et cr\u00e9ative pour la<strong> Conception de supports print et digitaux<\/strong><\/strong>. Vision 360 de votre communication.<\/p>\n\n\n\n<hr class=\"wp-block-separator\"\/>\n\n\n\n<h2><strong><span style=\"color:#d4a103\" class=\"has-inline-color\">Identit\u00e9 de marque<\/span><\/strong><\/h2>\n\n\n\n<p>R\u00e9alisation de logotypes et de chartes graphiques compl\u00e8tes, d\u00e9ploiement sur tous supports.<\/p>\n\n\n\n<h2><strong><span style=\"color:#d4a103\" class=\"has-inline-color\">Design \u00e9ditorial<\/span><\/strong><\/h2>\n\n\n\n<p>Cr\u00e9ation d&#8217;affiches, magazines, plaquettes, catalogues, rapports annuels, papeterie, &#8230; ma\u00eetrise de la chaine de fabrication print.<\/p>\n\n\n\n<h2><strong><span style=\"color:#d4a103\" class=\"has-inline-color\">Design digital<\/span><\/strong><\/h2>\n\n\n\n<p>webdesigns, banni\u00e8res, visuels r\u00e9seaux sociaux&#8230; accompagnement d&#8217;une strat\u00e9gie de contenus visuels.<\/p>\n\n\n\n<h2><strong><span style=\"color:#d4a103\" class=\"has-inline-color\">Design d&#8217;espace<\/span><\/strong><\/h2>\n\n\n\n<p>signal\u00e9tiques, b\u00e2ches, kak\u00e9monos, stands pour salons, installations&#8230; <\/p>\n\n\n\n<h2><strong><span style=\"color:#d4a103\" class=\"has-inline-color\">Animation<\/span><\/strong><\/h2>\n\n\n\n<p>Cr\u00e9ation de story-boards pour vid\u00e9os en motion design. Je suis entour\u00e9e de motion designers de qualit\u00e9. <\/p>\n\n\n\n<p><strong><em>Conception &#8211; Cr\u00e9ation &#8211; Ex\u00e9cution&nbsp;<\/em><\/strong><\/p>\n\n\n\n<figure class=\"wp-block-image size-large\"><img loading=\"lazy\" width=\"1024\" height=\"591\" src=\"http:\/\/berengb.cluster031.hosting.ovh.net\/wp-content\/uploads\/2022\/01\/p1domd1per56s1ij2uvqhcf6bh8-1024x591.jpg\" alt=\"\" class=\"wp-image-109\" srcset=\"https:\/\/berengere-mariette.com\/wp-content\/uploads\/2022\/01\/p1domd1per56s1ij2uvqhcf6bh8-1024x591.jpg 1024w, https:\/\/berengere-mariette.com\/wp-content\/uploads\/2022\/01\/p1domd1per56s1ij2uvqhcf6bh8-300x173.jpg 300w, https:\/\/berengere-mariette.com\/wp-content\/uploads\/2022\/01\/p1domd1per56s1ij2uvqhcf6bh8-768x443.jpg 768w, https:\/\/berengere-mariette.com\/wp-content\/uploads\/2022\/01\/p1domd1per56s1ij2uvqhcf6bh8-330x190.jpg 330w, https:\/\/berengere-mariette.com\/wp-content\/uploads\/2022\/01\/p1domd1per56s1ij2uvqhcf6bh8-104x60.jpg 104w, https:\/\/berengere-mariette.com\/wp-content\/uploads\/2022\/01\/p1domd1per56s1ij2uvqhcf6bh8.jpg 1500w\" sizes=\"(max-width: 1024px) 100vw, 1024px\" \/><\/figure>\n\n\n\n<hr class=\"wp-block-separator\"\/>\n\n\n\n<h2><strong><strong><strong><strong><span style=\"color:#d4a103\" class=\"has-inline-color\">Illustration<\/span><\/strong><\/strong><\/strong><\/strong><\/h2>\n\n\n\n<p><strong>L&#8217;illustration est un trait\u00e9 aux possibilit\u00e9s in\u00e9puisables<\/strong> : sc\u00e8ne de vie, mascotte, picto, infographie, composition graphique&#8230;<br>Elle cr\u00e9e imm\u00e9diatement un univers unique.<\/p>\n\n\n\n<p><\/p>\n\n\n\n<figure class=\"wp-block-image size-large\"><img loading=\"lazy\" width=\"1024\" height=\"667\" src=\"http:\/\/berengb.cluster031.hosting.ovh.net\/wp-content\/uploads\/2023\/06\/Capture-de\u0301cran-2023-06-20-a\u0300-14.01.15-1024x667.png\" alt=\"\" class=\"wp-image-505\" srcset=\"https:\/\/berengere-mariette.com\/wp-content\/uploads\/2023\/06\/Capture-de\u0301cran-2023-06-20-a\u0300-14.01.15-1024x667.png 1024w, https:\/\/berengere-mariette.com\/wp-content\/uploads\/2023\/06\/Capture-de\u0301cran-2023-06-20-a\u0300-14.01.15-300x196.png 300w, https:\/\/berengere-mariette.com\/wp-content\/uploads\/2023\/06\/Capture-de\u0301cran-2023-06-20-a\u0300-14.01.15-768x501.png 768w, https:\/\/berengere-mariette.com\/wp-content\/uploads\/2023\/06\/Capture-de\u0301cran-2023-06-20-a\u0300-14.01.15-92x60.png 92w, https:\/\/berengere-mariette.com\/wp-content\/uploads\/2023\/06\/Capture-de\u0301cran-2023-06-20-a\u0300-14.01.15.png 1080w\" sizes=\"(max-width: 1024px) 100vw, 1024px\" \/><\/figure>\n\n\n\n<hr class=\"wp-block-separator\"\/>\n\n\n\n<p>Pour en savoir plus sur mon parcours pro, d\u00e9couvrez mon profil et prenons contact sur&nbsp;<a href=\"https:\/\/www.linkedin.com\/in\/b%C3%A9reng%C3%A8re-mariette-02452238\/\">Linkedin<\/a><br>Pour plus d&#8217;infos, n&#8217;h\u00e9sitez pas \u00e0 me contacter.<\/p>\n\n\n\n<figure class=\"wp-block-image size-large\"><img loading=\"lazy\" width=\"1024\" height=\"537\" src=\"http:\/\/berengere-mariette.com\/wp-content\/uploads\/2025\/11\/DA-2-1024x537.png\" alt=\"\" class=\"wp-image-589\" srcset=\"https:\/\/berengere-mariette.com\/wp-content\/uploads\/2025\/11\/DA-2-1024x537.png 1024w, https:\/\/berengere-mariette.com\/wp-content\/uploads\/2025\/11\/DA-2-300x157.png 300w, https:\/\/berengere-mariette.com\/wp-content\/uploads\/2025\/11\/DA-2-768x402.png 768w, https:\/\/berengere-mariette.com\/wp-content\/uploads\/2025\/11\/DA-2-1536x805.png 1536w, https:\/\/berengere-mariette.com\/wp-content\/uploads\/2025\/11\/DA-2-2048x1073.png 2048w, https:\/\/berengere-mariette.com\/wp-content\/uploads\/2025\/11\/DA-2-1568x822.png 1568w\" sizes=\"(max-width: 1024px) 100vw, 1024px\" \/><\/figure>\n","protected":false},"excerpt":{"rendered":"<p>Directrice artistique dipl\u00f4m\u00e9e en design graphique, je cr\u00e9e des&nbsp;identit\u00e9s visuelles,&nbsp;images illustr\u00e9es&nbsp;et concepts cr\u00e9atifs&nbsp;depuis 20 ans. Conception &amp; strat\u00e9gie cr\u00e9ative Une attention aux enjeux et un regard ouvert pour un accompagnement efficace des projets de communication. Une vision strat\u00e9gique et cr\u00e9ative pour la Conception de supports print et digitaux. Vision 360 de votre communication. Identit\u00e9 de&hellip; <a class=\"more-link\" href=\"https:\/\/berengere-mariette.com\/index.php\/expertises\/\">Continue reading <span class=\"screen-reader-text\">Expertises<\/span><\/a><\/p>\n","protected":false},"author":1,"featured_media":0,"parent":0,"menu_order":0,"comment_status":"closed","ping_status":"closed","template":"","meta":[],"_links":{"self":[{"href":"https:\/\/berengere-mariette.com\/index.php\/wp-json\/wp\/v2\/pages\/55"}],"collection":[{"href":"https:\/\/berengere-mariette.com\/index.php\/wp-json\/wp\/v2\/pages"}],"about":[{"href":"https:\/\/berengere-mariette.com\/index.php\/wp-json\/wp\/v2\/types\/page"}],"author":[{"embeddable":true,"href":"https:\/\/berengere-mariette.com\/index.php\/wp-json\/wp\/v2\/users\/1"}],"replies":[{"embeddable":true,"href":"https:\/\/berengere-mariette.com\/index.php\/wp-json\/wp\/v2\/comments?post=55"}],"version-history":[{"count":47,"href":"https:\/\/berengere-mariette.com\/index.php\/wp-json\/wp\/v2\/pages\/55\/revisions"}],"predecessor-version":[{"id":598,"href":"https:\/\/berengere-mariette.com\/index.php\/wp-json\/wp\/v2\/pages\/55\/revisions\/598"}],"wp:attachment":[{"href":"https:\/\/berengere-mariette.com\/index.php\/wp-json\/wp\/v2\/media?parent=55"}],"curies":[{"name":"wp","href":"https:\/\/api.w.org\/{rel}","templated":true}]}}