{"id":5,"date":"2022-01-12T12:27:09","date_gmt":"2022-01-12T11:27:09","guid":{"rendered":"http:\/\/berengb.cluster031.hosting.ovh.net\/?page_id=5"},"modified":"2025-11-15T19:16:49","modified_gmt":"2025-11-15T18:16:49","slug":"accueil","status":"publish","type":"page","link":"https:\/\/berengere-mariette.com\/","title":{"rendered":"Accueil"},"content":{"rendered":"\n<p style=\"line-height:1.1;font-size:38px\">B\u00e9reng\u00e8re Mariette<\/p>\n\n\n\n<p style=\"line-height:1.1;font-size:86px\">Cr\u00e9atrice de territoires visuels<\/p>\n\n\n\n<h2><\/h2>\n\n\n\n<figure class=\"wp-block-image size-large\"><img loading=\"lazy\" width=\"1024\" height=\"537\" src=\"https:\/\/berengere-mariette.com\/wp-content\/uploads\/2025\/11\/DA-2-1024x537.png\" alt=\"\" class=\"wp-image-589\" srcset=\"https:\/\/berengere-mariette.com\/wp-content\/uploads\/2025\/11\/DA-2-1024x537.png 1024w, https:\/\/berengere-mariette.com\/wp-content\/uploads\/2025\/11\/DA-2-300x157.png 300w, https:\/\/berengere-mariette.com\/wp-content\/uploads\/2025\/11\/DA-2-768x402.png 768w, https:\/\/berengere-mariette.com\/wp-content\/uploads\/2025\/11\/DA-2-1536x805.png 1536w, https:\/\/berengere-mariette.com\/wp-content\/uploads\/2025\/11\/DA-2-2048x1073.png 2048w, https:\/\/berengere-mariette.com\/wp-content\/uploads\/2025\/11\/DA-2-1568x822.png 1568w\" sizes=\"(max-width: 1024px) 100vw, 1024px\" \/><\/figure>\n\n\n\n<p>Directrice artistique dipl\u00f4m\u00e9e en design graphique, je cr\u00e9e des\u00a0<strong>identit\u00e9s visuelles<\/strong>,\u00a0<strong>images illustr\u00e9es<\/strong>\u00a0et\u00a0<strong>concepts cr\u00e9atifs<\/strong>\u00a0depuis 20 ans, sur tous supports print et digitaux.<\/p>\n","protected":false},"excerpt":{"rendered":"<p>B\u00e9reng\u00e8re Mariette Cr\u00e9atrice de territoires visuels Directrice artistique dipl\u00f4m\u00e9e en design graphique, je cr\u00e9e des\u00a0identit\u00e9s visuelles,\u00a0images illustr\u00e9es\u00a0et\u00a0concepts cr\u00e9atifs\u00a0depuis 20 ans, sur tous supports print et digitaux.<\/p>\n","protected":false},"author":1,"featured_media":0,"parent":0,"menu_order":0,"comment_status":"closed","ping_status":"closed","template":"","meta":[],"_links":{"self":[{"href":"https:\/\/berengere-mariette.com\/index.php\/wp-json\/wp\/v2\/pages\/5"}],"collection":[{"href":"https:\/\/berengere-mariette.com\/index.php\/wp-json\/wp\/v2\/pages"}],"about":[{"href":"https:\/\/berengere-mariette.com\/index.php\/wp-json\/wp\/v2\/types\/page"}],"author":[{"embeddable":true,"href":"https:\/\/berengere-mariette.com\/index.php\/wp-json\/wp\/v2\/users\/1"}],"replies":[{"embeddable":true,"href":"https:\/\/berengere-mariette.com\/index.php\/wp-json\/wp\/v2\/comments?post=5"}],"version-history":[{"count":16,"href":"https:\/\/berengere-mariette.com\/index.php\/wp-json\/wp\/v2\/pages\/5\/revisions"}],"predecessor-version":[{"id":599,"href":"https:\/\/berengere-mariette.com\/index.php\/wp-json\/wp\/v2\/pages\/5\/revisions\/599"}],"wp:attachment":[{"href":"https:\/\/berengere-mariette.com\/index.php\/wp-json\/wp\/v2\/media?parent=5"}],"curies":[{"name":"wp","href":"https:\/\/api.w.org\/{rel}","templated":true}]}}