{"id":45,"date":"2022-01-12T17:20:42","date_gmt":"2022-01-12T16:20:42","guid":{"rendered":"http:\/\/berengb.cluster031.hosting.ovh.net\/?page_id=45"},"modified":"2026-03-25T17:02:12","modified_gmt":"2026-03-25T16:02:12","slug":"a-propos","status":"publish","type":"page","link":"https:\/\/berengere-mariette.com\/index.php\/a-propos\/","title":{"rendered":"\u00c0 propos"},"content":{"rendered":"\n<div class=\"wp-block-media-text alignwide is-stacked-on-mobile\" style=\"grid-template-columns:24% auto\"><figure class=\"wp-block-media-text__media\"><img loading=\"lazy\" width=\"765\" height=\"1024\" src=\"https:\/\/berengere-mariette.com\/wp-content\/uploads\/2026\/01\/1BM-1-765x1024.jpg\" alt=\"\" class=\"wp-image-605\" srcset=\"https:\/\/berengere-mariette.com\/wp-content\/uploads\/2026\/01\/1BM-1-765x1024.jpg 765w, https:\/\/berengere-mariette.com\/wp-content\/uploads\/2026\/01\/1BM-1-224x300.jpg 224w, https:\/\/berengere-mariette.com\/wp-content\/uploads\/2026\/01\/1BM-1-768x1029.jpg 768w, https:\/\/berengere-mariette.com\/wp-content\/uploads\/2026\/01\/1BM-1-1147x1536.jpg 1147w, https:\/\/berengere-mariette.com\/wp-content\/uploads\/2026\/01\/1BM-1-1529x2048.jpg 1529w, https:\/\/berengere-mariette.com\/wp-content\/uploads\/2026\/01\/1BM-1-1568x2100.jpg 1568w, https:\/\/berengere-mariette.com\/wp-content\/uploads\/2026\/01\/1BM-1.jpg 1792w\" sizes=\"(max-width: 765px) 100vw, 765px\" \/><\/figure><div class=\"wp-block-media-text__content\">\n<p style=\"line-height:1.4;font-size:32px\">Bonjour, <br>je suis B\u00e9reng\u00e8re Mariette, <br>Directrice artistique en design graphique et illustratrice.<\/p>\n<\/div><\/div>\n\n\n\n<p>Dipl\u00f4m\u00e9e en design graphique et communication visuelle, cela fait plus de 20 ans que j&#8217;\u00e9volue comme Directrice artistique, avec diff\u00e9rentes exp\u00e9riences en agence de communication, chez l&#8217;annonceur comme en Freelance.&nbsp;<\/p>\n\n\n\n<p>Mon expertise se porte plus particuli\u00e8rement dans les domaines suivants : <strong>le Branding &#8211; identit\u00e9 visuelle, la communication culturelle et sociale ainsi que la communication interne.\u00a0<\/strong><br><br>Je porte une attention aux enjeux et un regard ouvert pour un accompagnement efficace des projets de communication. J&#8217;aborde des missions strat\u00e9giques, organisationnelles, op\u00e9rationnelles et de management. Excellente culture image, vision cr\u00e9ative 360.<br><br>> <strong>D\u00e9couvrez une partie de mon travail sur mon <a href=\"http:\/\/berengb.cluster031.hosting.ovh.net\/index.php\/portfolios\/\">portfolio<\/a> !<\/strong><\/p>\n\n\n\n<p>&gt; Pour en savoir plus sur mon parcours pro : c&#8217;est ici :<strong> &nbsp;<a rel=\"noreferrer noopener\" href=\"https:\/\/www.linkedin.com\/in\/b%C3%A9reng%C3%A8re-mariette-02452238\/\" target=\"_blank\">linkedin<\/a><\/strong><\/p>\n\n\n\n<p>> Je d\u00e9veloppe \u00e9galement mon travail personnel comme illustratrice,<strong><br>pour en d\u00e9couvrir plus : <a rel=\"noreferrer noopener\" href=\"https:\/\/bmariette.com\/\" target=\"_blank\">bmariette.com<\/a><\/strong><br><br>> Contactez-moi si vous souhaitez recevoir mon CV et mon book.<\/p>\n","protected":false},"excerpt":{"rendered":"<p>Bonjour, je suis B\u00e9reng\u00e8re Mariette, Directrice artistique en design graphique et illustratrice. Dipl\u00f4m\u00e9e en design graphique et communication visuelle, cela fait plus de 20 ans que j&#8217;\u00e9volue comme Directrice artistique, avec diff\u00e9rentes exp\u00e9riences en agence de communication, chez l&#8217;annonceur comme en Freelance.&nbsp; Mon expertise se porte plus particuli\u00e8rement dans les domaines suivants : le Branding&hellip; <a class=\"more-link\" href=\"https:\/\/berengere-mariette.com\/index.php\/a-propos\/\">Continue reading <span class=\"screen-reader-text\">\u00c0 propos<\/span><\/a><\/p>\n","protected":false},"author":1,"featured_media":0,"parent":0,"menu_order":0,"comment_status":"closed","ping_status":"closed","template":"","meta":[],"_links":{"self":[{"href":"https:\/\/berengere-mariette.com\/index.php\/wp-json\/wp\/v2\/pages\/45"}],"collection":[{"href":"https:\/\/berengere-mariette.com\/index.php\/wp-json\/wp\/v2\/pages"}],"about":[{"href":"https:\/\/berengere-mariette.com\/index.php\/wp-json\/wp\/v2\/types\/page"}],"author":[{"embeddable":true,"href":"https:\/\/berengere-mariette.com\/index.php\/wp-json\/wp\/v2\/users\/1"}],"replies":[{"embeddable":true,"href":"https:\/\/berengere-mariette.com\/index.php\/wp-json\/wp\/v2\/comments?post=45"}],"version-history":[{"count":44,"href":"https:\/\/berengere-mariette.com\/index.php\/wp-json\/wp\/v2\/pages\/45\/revisions"}],"predecessor-version":[{"id":619,"href":"https:\/\/berengere-mariette.com\/index.php\/wp-json\/wp\/v2\/pages\/45\/revisions\/619"}],"wp:attachment":[{"href":"https:\/\/berengere-mariette.com\/index.php\/wp-json\/wp\/v2\/media?parent=45"}],"curies":[{"name":"wp","href":"https:\/\/api.w.org\/{rel}","templated":true}]}}